{"id":6026,"date":"2025-10-29T17:31:48","date_gmt":"2025-10-29T17:31:48","guid":{"rendered":"https:\/\/agrotex.az\/?page_id=6026"},"modified":"2025-11-16T15:03:23","modified_gmt":"2025-11-16T15:03:23","slug":"microwork","status":"publish","type":"page","link":"https:\/\/agrotex.az\/ru\/microwork\/","title":{"rendered":"MicroWork"},"content":{"rendered":"<div data-elementor-type=\"wp-page\" data-elementor-id=\"6026\" class=\"elementor elementor-6026\" data-elementor-post-type=\"page\">\n\t\t\t\t<div class=\"elementor-element elementor-element-a8fadc2 e-flex e-con-boxed e-con e-parent\" data-id=\"a8fadc2\" data-element_type=\"container\" data-e-type=\"container\">\n\t\t\t\t\t<div class=\"e-con-inner\">\n\t\t<div class=\"elementor-element elementor-element-3f9efb8 e-con-full e-flex e-con e-child\" data-id=\"3f9efb8\" data-element_type=\"container\" data-e-type=\"container\">\n\t\t\t\t<div class=\"elementor-element elementor-element-b133832 elementor-widget elementor-widget-image\" data-id=\"b133832\" data-element_type=\"widget\" data-e-type=\"widget\" data-widget_type=\"image.default\">\n\t\t\t\t<div class=\"elementor-widget-container\">\n\t\t\t\t\t\t\t\t\t\t\t\t\t\t\t<img fetchpriority=\"high\" decoding=\"async\" width=\"570\" height=\"570\" src=\"https:\/\/agrotex.az\/wp-content\/uploads\/2025\/08\/microvork-veb-1-01.png\" class=\"attachment-large size-large wp-image-5805\" alt=\"MicroWork\" srcset=\"https:\/\/agrotex.az\/wp-content\/uploads\/2025\/08\/microvork-veb-1-01.png 570w, https:\/\/agrotex.az\/wp-content\/uploads\/2025\/08\/microvork-veb-1-01-300x300.png 300w, https:\/\/agrotex.az\/wp-content\/uploads\/2025\/08\/microvork-veb-1-01-150x150.png 150w, https:\/\/agrotex.az\/wp-content\/uploads\/2025\/08\/microvork-veb-1-01-12x12.png 12w, https:\/\/agrotex.az\/wp-content\/uploads\/2025\/08\/microvork-veb-1-01-370x370.png 370w, https:\/\/agrotex.az\/wp-content\/uploads\/2025\/08\/microvork-veb-1-01-60x60.png 60w, https:\/\/agrotex.az\/wp-content\/uploads\/2025\/08\/microvork-veb-1-01-100x100.png 100w\" sizes=\"(max-width: 570px) 100vw, 570px\" \/>\t\t\t\t\t\t\t\t\t\t\t\t\t\t\t<\/div>\n\t\t\t\t<\/div>\n\t\t\t\t<\/div>\n\t\t<div class=\"elementor-element elementor-element-f1ee74c e-con-full e-flex e-con e-child\" data-id=\"f1ee74c\" data-element_type=\"container\" data-e-type=\"container\">\n\t\t\t\t<div class=\"elementor-element elementor-element-6431c05 elementor-widget elementor-widget-heading\" data-id=\"6431c05\" data-element_type=\"widget\" data-e-type=\"widget\" data-widget_type=\"heading.default\">\n\t\t\t\t<div class=\"elementor-widget-container\">\n\t\t\t\t\t<h3 class=\"elementor-heading-title elementor-size-default\"><h1 style=\"margin-right: 35px;margin-bottom: 7px;line-height: 57px;font-family: Montserrat;font-size: 30px\">MicroWork<\/h1><\/h3>\t\t\t\t<\/div>\n\t\t\t\t<\/div>\n\t\t\t\t<div class=\"elementor-element elementor-element-4c37b58 elementor-widget elementor-widget-text-editor\" data-id=\"4c37b58\" data-element_type=\"widget\" data-e-type=\"widget\" data-widget_type=\"text-editor.default\">\n\t\t\t\t<div class=\"elementor-widget-container\">\n\t\t\t\t\t\t\t\t\t<div class=\"woocommerce-product-details__short-description\" style=\"margin-bottom: 35px; padding-top: 20px; border-top: 0.8px solid #ece7e2; font-variant-ligatures: normal; font-variant-caps: normal; font-family: Poppins, sans-serif; font-size: 16px; font-style: normal; font-weight: 500;\"><ul style=\"font-size: 16px;\"><li>\u0423\u043f\u0430\u043a\u043e\u0432\u043a\u0430: 1 \u043a\u0433<\/li><li>\u0421\u043e\u0441\u0442\u0430\u0432: \u0411\u043e\u0440 (B) -0,5%, \u0426\u0438\u043d\u043a (Zn) \u2013 5%, \u041c\u0435\u0434\u044c (Cu) \u2013 0,8%, \u0416\u0435\u043b\u0435\u0437\u043e (Fe) \u2013 3,5, \u041c\u0430\u0440\u0433\u0430\u043d\u0435\u0446 (Mn) \u2013 3%<\/li><li>\u041f\u0440\u043e\u0438\u0437\u0432\u043e\u0434\u0438\u0442\u0435\u043b\u044c: \u0422\u0443\u0440\u0446\u0438\u044f\/AWI<\/li><\/ul><\/div><div class=\"product_meta\" style=\"margin-top: 5px; font-variant-ligatures: normal; font-variant-caps: normal; font-family: Poppins, sans-serif; font-size: 16px; font-style: normal; font-weight: 500; clear: left;\"><span class=\"posted_in\" style=\"margin-bottom: 10px; line-height: 28px; font-size: 18px; display: block; color: #878680;\"><span class=\"title\" style=\"font-size: 20px; font-weight: 800; color: #1f1e17;\">\u041a\u0430\u0442\u0435\u0433\u043e\u0440\u0438\u044f:<\/span> <a style=\"color: #878680; font-size: 20px !important; font-weight: 500 !important;\" href=\"https:\/\/agrotex.az\/ru\/bitki-besleme\/\" rel=\"tag\">\u041f\u0438\u0442\u0430\u043d\u0438\u0435 \u0440\u0430\u0441\u0442\u0435\u043d\u0438\u0439<\/a><\/span><\/div>\t\t\t\t\t\t\t\t<\/div>\n\t\t\t\t<\/div>\n\t\t\t\t<\/div>\n\t\t\t\t\t<\/div>\n\t\t\t\t<\/div>\n\t\t<div class=\"elementor-element elementor-element-be61dee e-flex e-con-boxed e-con e-parent\" data-id=\"be61dee\" data-element_type=\"container\" data-e-type=\"container\">\n\t\t\t\t\t<div class=\"e-con-inner\">\n\t\t\t\t<div class=\"elementor-element elementor-element-640d478 e-n-tabs-mobile elementor-widget elementor-widget-n-tabs\" data-id=\"640d478\" data-element_type=\"widget\" data-e-type=\"widget\" data-settings=\"{&quot;tabs_justify_horizontal&quot;:&quot;start&quot;,&quot;horizontal_scroll&quot;:&quot;disable&quot;}\" data-widget_type=\"nested-tabs.default\">\n\t\t\t\t<div class=\"elementor-widget-container\">\n\t\t\t\t\t\t\t<div class=\"e-n-tabs\" data-widget-number=\"104911992\" aria-label=\"\u0412\u043a\u043b\u0430\u0434\u043a\u0438. \u041e\u0442\u043a\u0440\u044b\u0432\u0430\u0439\u0442\u0435 \u044d\u043b\u0435\u043c\u0435\u043d\u0442\u044b \u0441 \u043f\u043e\u043c\u043e\u0449\u044c\u044e \u043a\u043b\u0430\u0432\u0438\u0448 Enter \u0438\u043b\u0438 Space, \u0437\u0430\u043a\u0440\u044b\u0432\u0430\u0439\u0442\u0435 \u0441 \u043f\u043e\u043c\u043e\u0449\u044c\u044e Escape \u0438 \u043f\u0435\u0440\u0435\u043c\u0435\u0449\u0430\u0439\u0442\u0435\u0441\u044c \u0441 \u043f\u043e\u043c\u043e\u0449\u044c\u044e \u043a\u043b\u0430\u0432\u0438\u0448 \u0441\u043e \u0441\u0442\u0440\u0435\u043b\u043a\u0430\u043c\u0438.\">\n\t\t\t<div class=\"e-n-tabs-heading\" role=\"tablist\">\n\t\t\t\t\t<button id=\"e-n-tab-title-1049119921\" data-tab-title-id=\"e-n-tab-title-1049119921\" class=\"e-n-tab-title\" aria-selected=\"true\" data-tab-index=\"1\" role=\"tab\" tabindex=\"0\" aria-controls=\"e-n-tab-content-1049119921\" style=\"--n-tabs-title-order: 1;\">\n\t\t\t\t\t\t<span class=\"e-n-tab-title-text\">\n\t\t\t\t\u0418\u043d\u0441\u0442\u0440\u0443\u043a\u0446\u0438\u0438\t\t\t<\/span>\n\t\t<\/button>\n\t\t\t\t\t<\/div>\n\t\t\t<div class=\"e-n-tabs-content\">\n\t\t\t\t<div id=\"e-n-tab-content-1049119921\" role=\"tabpanel\" aria-labelledby=\"e-n-tab-title-1049119921\" data-tab-index=\"1\" style=\"--n-tabs-title-order: 1;\" class=\"e-active elementor-element elementor-element-a2c4efb e-con-full e-flex e-con e-child\" data-id=\"a2c4efb\" data-element_type=\"container\" data-e-type=\"container\">\n\t\t\t\t<div class=\"elementor-element elementor-element-c0cf869 elementor-widget elementor-widget-text-editor\" data-id=\"c0cf869\" data-element_type=\"widget\" data-e-type=\"widget\" data-widget_type=\"text-editor.default\">\n\t\t\t\t<div class=\"elementor-widget-container\">\n\t\t\t\t\t\t\t\t\t<div class=\"woocommerce-product-details__short-description\" style=\"margin-bottom: 35px; padding-top: 20px; border-top: 0.8px solid #ece7e2; font-variant-ligatures: normal; font-variant-caps: normal; font-family: Poppins, sans-serif; font-size: 16px; font-style: normal; font-weight: 500;\"><div class=\"woocommerce-tabs wc-tabs-wrapper\"><div id=\"tab-description\" class=\"woocommerce-Tabs-panel woocommerce-Tabs-panel--description panel entry-content wc-tab\" role=\"tabpanel\" aria-labelledby=\"tab-title-description\"><div class=\"product-inner-tabs\" data-js-tab=\"\"><div class=\"product-inner-tabs_box\"><div id=\"tab1\" class=\"tab opened\"><div class=\"product-inner-tab-container\"><p>Microwork Kombi \u2014 \u044d\u0442\u043e \u043a\u043e\u043c\u043f\u043b\u0435\u043a\u0441\u043d\u043e\u0435 \u0436\u0438\u0434\u043a\u043e\u0435 \u0443\u0434\u043e\u0431\u0440\u0435\u043d\u0438\u0435, \u043e\u0431\u043e\u0433\u0430\u0449\u0435\u043d\u043d\u043e\u0435 \u043c\u0438\u043a\u0440\u043e\u044d\u043b\u0435\u043c\u0435\u043d\u0442\u0430\u043c\u0438, \u043e\u0441\u043d\u043e\u0432\u043d\u043e\u0435 \u043d\u0430\u0437\u043d\u0430\u0447\u0435\u043d\u0438\u0435 \u043a\u043e\u0442\u043e\u0440\u043e\u0433\u043e \u2014 \u0443\u0441\u0442\u0440\u0430\u043d\u0435\u043d\u0438\u0435 \u0434\u0435\u0444\u0438\u0446\u0438\u0442\u0430 \u043c\u0438\u043a\u0440\u043e\u044d\u043b\u0435\u043c\u0435\u043d\u0442\u043e\u0432 \u0432 \u0440\u0430\u0441\u0442\u0435\u043d\u0438\u044f\u0445 \u0438 \u0443\u0441\u0438\u043b\u0435\u043d\u0438\u0435 \u0438\u0445 \u0440\u043e\u0441\u0442\u0430, \u0446\u0432\u0435\u0442\u0435\u043d\u0438\u044f \u0438 \u0443\u0440\u043e\u0436\u0430\u0439\u043d\u043e\u0441\u0442\u0438.<br \/>\u0414\u0430\u043d\u043d\u044b\u0439 \u043f\u0440\u043e\u0434\u0443\u043a\u0442 \u043e\u0431\u044b\u0447\u043d\u043e \u0438\u0441\u043f\u043e\u043b\u044c\u0437\u0443\u0435\u0442\u0441\u044f \u043f\u0443\u0442\u0435\u043c \u043e\u043f\u0440\u044b\u0441\u043a\u0438\u0432\u0430\u043d\u0438\u044f \u043b\u0438\u0441\u0442\u044c\u0435\u0432 \u0438\u043b\u0438 \u0432 \u0441\u0438\u0441\u0442\u0435\u043c\u0435 \u043a\u0430\u043f\u0435\u043b\u044c\u043d\u043e\u0433\u043e \u043e\u0440\u043e\u0448\u0435\u043d\u0438\u044f \u0438 \u043c\u043e\u0436\u0435\u0442 \u043f\u0440\u0438\u043c\u0435\u043d\u044f\u0442\u044c\u0441\u044f \u0434\u043b\u044f \u0432\u0441\u0435\u0445 \u0432\u0438\u0434\u043e\u0432 \u0441\u0435\u043b\u044c\u0441\u043a\u043e\u0445\u043e\u0437\u044f\u0439\u0441\u0442\u0432\u0435\u043d\u043d\u044b\u0445 \u043a\u0443\u043b\u044c\u0442\u0443\u0440.<\/p><\/div><\/div><\/div><\/div><\/div><\/div><\/div>\t\t\t\t\t\t\t\t<\/div>\n\t\t\t\t<\/div>\n\t\t\t\t<\/div>\n\t\t\t\t\t<\/div>\n\t\t<\/div>\n\t\t\t\t\t\t<\/div>\n\t\t\t\t<\/div>\n\t\t\t\t\t<\/div>\n\t\t\t\t<\/div>\n\t\t<div class=\"elementor-element elementor-element-b5803a4 e-flex e-con-boxed e-con e-parent\" data-id=\"b5803a4\" data-element_type=\"container\" data-e-type=\"container\">\n\t\t\t\t\t<div class=\"e-con-inner\">\n\t\t\t\t<div class=\"elementor-element elementor-element-7729819 elementor-widget elementor-widget-heading\" data-id=\"7729819\" data-element_type=\"widget\" data-e-type=\"widget\" data-widget_type=\"heading.default\">\n\t\t\t\t<div class=\"elementor-widget-container\">\n\t\t\t\t\t<h3 class=\"elementor-heading-title elementor-size-default\">\u041f\u043e\u0445\u043e\u0436\u0438\u0435 \u043f\u0440\u043e\u0434\u0443\u043a\u0442\u044b<\/h3>\t\t\t\t<\/div>\n\t\t\t\t<\/div>\n\t\t\t\t\t<\/div>\n\t\t\t\t<\/div>\n\t\t<div class=\"elementor-element elementor-element-685477a e-flex e-con-boxed e-con e-parent\" data-id=\"685477a\" data-element_type=\"container\" data-e-type=\"container\">\n\t\t\t\t\t<div class=\"e-con-inner\">\n\t\t<div class=\"elementor-element elementor-element-332fce5 e-con-full e-flex e-con e-child\" data-id=\"332fce5\" data-element_type=\"container\" data-e-type=\"container\">\n\t\t\t\t<div class=\"elementor-element elementor-element-f6fda15 elementor-widget elementor-widget-image\" data-id=\"f6fda15\" data-element_type=\"widget\" data-e-type=\"widget\" data-widget_type=\"image.default\">\n\t\t\t\t<div class=\"elementor-widget-container\">\n\t\t\t\t\t\t\t\t\t\t\t\t<figure class=\"wp-caption\">\n\t\t\t\t\t\t\t\t\t\t\t<a href=\"https:\/\/agrotex.az\/ru\/bioorganic\/\">\n\t\t\t\t\t\t\t<img decoding=\"async\" width=\"570\" height=\"570\" src=\"https:\/\/agrotex.az\/wp-content\/uploads\/2024\/07\/Bioorganic-inci-agro.jpg\" class=\"attachment-large size-large wp-image-3542\" alt=\"BioOrganic\" srcset=\"https:\/\/agrotex.az\/wp-content\/uploads\/2024\/07\/Bioorganic-inci-agro.jpg 570w, https:\/\/agrotex.az\/wp-content\/uploads\/2024\/07\/Bioorganic-inci-agro-100x100.jpg 100w, https:\/\/agrotex.az\/wp-content\/uploads\/2024\/07\/Bioorganic-inci-agro-300x300.jpg 300w, https:\/\/agrotex.az\/wp-content\/uploads\/2024\/07\/Bioorganic-inci-agro-150x150.jpg 150w, https:\/\/agrotex.az\/wp-content\/uploads\/2024\/07\/Bioorganic-inci-agro-12x12.jpg 12w, https:\/\/agrotex.az\/wp-content\/uploads\/2024\/07\/Bioorganic-inci-agro-370x370.jpg 370w, https:\/\/agrotex.az\/wp-content\/uploads\/2024\/07\/Bioorganic-inci-agro-60x60.jpg 60w\" sizes=\"(max-width: 570px) 100vw, 570px\" \/>\t\t\t\t\t\t\t\t<\/a>\n\t\t\t\t\t\t\t\t\t\t\t<figcaption class=\"widget-image-caption wp-caption-text\">\u0411\u0438\u043e\u043e\u0440\u0433\u0430\u043d\u0438\u0447\u0435\u0441\u043a\u0438\u0439<\/figcaption>\n\t\t\t\t\t\t\t\t\t\t<\/figure>\n\t\t\t\t\t\t\t\t\t<\/div>\n\t\t\t\t<\/div>\n\t\t\t\t<\/div>\n\t\t<div class=\"elementor-element elementor-element-4482430 e-con-full e-flex e-con e-child\" data-id=\"4482430\" data-element_type=\"container\" data-e-type=\"container\">\n\t\t\t\t<div class=\"elementor-element elementor-element-32fad50 elementor-widget elementor-widget-image\" data-id=\"32fad50\" data-element_type=\"widget\" data-e-type=\"widget\" data-widget_type=\"image.default\">\n\t\t\t\t<div class=\"elementor-widget-container\">\n\t\t\t\t\t\t\t\t\t\t\t\t<figure class=\"wp-caption\">\n\t\t\t\t\t\t\t\t\t\t\t<a href=\"https:\/\/agrotex.az\/ru\/microwork\/\">\n\t\t\t\t\t\t\t<img fetchpriority=\"high\" decoding=\"async\" width=\"570\" height=\"570\" src=\"https:\/\/agrotex.az\/wp-content\/uploads\/2025\/08\/microvork-veb-1-01.png\" class=\"attachment-large size-large wp-image-5805\" alt=\"MicroWork\" srcset=\"https:\/\/agrotex.az\/wp-content\/uploads\/2025\/08\/microvork-veb-1-01.png 570w, https:\/\/agrotex.az\/wp-content\/uploads\/2025\/08\/microvork-veb-1-01-300x300.png 300w, https:\/\/agrotex.az\/wp-content\/uploads\/2025\/08\/microvork-veb-1-01-150x150.png 150w, https:\/\/agrotex.az\/wp-content\/uploads\/2025\/08\/microvork-veb-1-01-12x12.png 12w, https:\/\/agrotex.az\/wp-content\/uploads\/2025\/08\/microvork-veb-1-01-370x370.png 370w, https:\/\/agrotex.az\/wp-content\/uploads\/2025\/08\/microvork-veb-1-01-60x60.png 60w, https:\/\/agrotex.az\/wp-content\/uploads\/2025\/08\/microvork-veb-1-01-100x100.png 100w\" sizes=\"(max-width: 570px) 100vw, 570px\" \/>\t\t\t\t\t\t\t\t<\/a>\n\t\t\t\t\t\t\t\t\t\t\t<figcaption class=\"widget-image-caption wp-caption-text\">MicroWork<\/figcaption>\n\t\t\t\t\t\t\t\t\t\t<\/figure>\n\t\t\t\t\t\t\t\t\t<\/div>\n\t\t\t\t<\/div>\n\t\t\t\t<\/div>\n\t\t<div class=\"elementor-element elementor-element-80245be e-con-full e-flex e-con e-child\" data-id=\"80245be\" data-element_type=\"container\" data-e-type=\"container\">\n\t\t\t\t<div class=\"elementor-element elementor-element-d3932cc elementor-widget elementor-widget-image\" data-id=\"d3932cc\" data-element_type=\"widget\" data-e-type=\"widget\" data-widget_type=\"image.default\">\n\t\t\t\t<div class=\"elementor-widget-container\">\n\t\t\t\t\t\t\t\t\t\t\t\t<figure class=\"wp-caption\">\n\t\t\t\t\t\t\t\t\t\t\t<a href=\"https:\/\/agrotex.az\/ru\/safa-yazlik-yag\/\">\n\t\t\t\t\t\t\t<img decoding=\"async\" width=\"570\" height=\"570\" src=\"https:\/\/agrotex.az\/wp-content\/uploads\/2025\/04\/safa-yaz-01.png\" class=\"attachment-large size-large wp-image-3979\" alt=\"Safa Yazl\u0131k Ya\u011f\" srcset=\"https:\/\/agrotex.az\/wp-content\/uploads\/2025\/04\/safa-yaz-01.png 570w, https:\/\/agrotex.az\/wp-content\/uploads\/2025\/04\/safa-yaz-01-300x300.png 300w, https:\/\/agrotex.az\/wp-content\/uploads\/2025\/04\/safa-yaz-01-150x150.png 150w, https:\/\/agrotex.az\/wp-content\/uploads\/2025\/04\/safa-yaz-01-12x12.png 12w, https:\/\/agrotex.az\/wp-content\/uploads\/2025\/04\/safa-yaz-01-370x370.png 370w, https:\/\/agrotex.az\/wp-content\/uploads\/2025\/04\/safa-yaz-01-60x60.png 60w, https:\/\/agrotex.az\/wp-content\/uploads\/2025\/04\/safa-yaz-01-100x100.png 100w\" sizes=\"(max-width: 570px) 100vw, 570px\" \/>\t\t\t\t\t\t\t\t<\/a>\n\t\t\t\t\t\t\t\t\t\t\t<figcaption class=\"widget-image-caption wp-caption-text\">\u041b\u0435\u0442\u043d\u0435\u0435 \u043c\u0430\u0441\u043b\u043e \u0421\u0430\u0444\u0430<\/figcaption>\n\t\t\t\t\t\t\t\t\t\t<\/figure>\n\t\t\t\t\t\t\t\t\t<\/div>\n\t\t\t\t<\/div>\n\t\t\t\t<\/div>\n\t\t\t\t\t<\/div>\n\t\t\t\t<\/div>\n\t\t\t\t<\/div>","protected":false},"excerpt":{"rendered":"<p>MicroWork Qabla\u015fd\u0131rma: 1 kq T\u0259rkib: Bor(B) -0.5%, Sink (Zn) &#8211; 5%, Mis(Cu) &#8211; 0.8%, D\u0259mir(Fe) &#8211; 3.5, Mangan(Mn) &#8211; 3% \u0130stehsal\u00e7\u0131:T\u00fcrkiy\u0259\/AWI Kateqoriya: Bitki b\u0259sl\u0259m\u0259 \u0130stifad\u0259 qaydas\u0131 Microwork Kombi \u2014 mikroelementl\u0259rl\u0259 z\u0259nginl\u0259\u015fdirilmi\u015f kompleks maye qidaland\u0131r\u0131c\u0131d\u0131r, \u0259sas m\u0259qs\u0259di bitkil\u0259rd\u0259 mikroelement \u00e7at\u0131\u015fmazl\u0131\u011f\u0131n\u0131 aradan qald\u0131rmaq v\u0259 onlar\u0131n b\u00f6y\u00fcm\u0259sini, \u00e7i\u00e7\u0259kl\u0259m\u0259sini v\u0259 m\u0259hsuldarl\u0131\u011f\u0131n\u0131 art\u0131rmaqd\u0131r.Bu m\u0259hsul ad\u0259t\u0259n<\/p>","protected":false},"author":1,"featured_media":0,"parent":0,"menu_order":0,"comment_status":"closed","ping_status":"closed","template":"","meta":{"inline_featured_image":false,"footnotes":""},"class_list":["post-6026","page","type-page","status-publish","hentry"],"_links":{"self":[{"href":"https:\/\/agrotex.az\/ru\/wp-json\/wp\/v2\/pages\/6026","targetHints":{"allow":["GET"]}}],"collection":[{"href":"https:\/\/agrotex.az\/ru\/wp-json\/wp\/v2\/pages"}],"about":[{"href":"https:\/\/agrotex.az\/ru\/wp-json\/wp\/v2\/types\/page"}],"author":[{"embeddable":true,"href":"https:\/\/agrotex.az\/ru\/wp-json\/wp\/v2\/users\/1"}],"replies":[{"embeddable":true,"href":"https:\/\/agrotex.az\/ru\/wp-json\/wp\/v2\/comments?post=6026"}],"version-history":[{"count":11,"href":"https:\/\/agrotex.az\/ru\/wp-json\/wp\/v2\/pages\/6026\/revisions"}],"predecessor-version":[{"id":6278,"href":"https:\/\/agrotex.az\/ru\/wp-json\/wp\/v2\/pages\/6026\/revisions\/6278"}],"wp:attachment":[{"href":"https:\/\/agrotex.az\/ru\/wp-json\/wp\/v2\/media?parent=6026"}],"curies":[{"name":"wp","href":"https:\/\/api.w.org\/{rel}","templated":true}]}}