{"id":4888,"date":"2025-05-20T19:20:49","date_gmt":"2025-05-20T19:20:49","guid":{"rendered":"https:\/\/agrotex.az\/?page_id=4888"},"modified":"2025-05-22T08:20:17","modified_gmt":"2025-05-22T08:20:17","slug":"karbamid-socar-marka-b-n463-40-kg","status":"publish","type":"page","link":"https:\/\/agrotex.az\/ru\/karbamid-socar-marka-b-n463-40-kg\/","title":{"rendered":"\u041a\u0430\u0440\u0431\u0430\u043c\u0438\u0434 SOCAR \u041c\u0430\u0440\u043a\u0430 B (N46.3%, 40 \u043a\u0433)"},"content":{"rendered":"<div data-elementor-type=\"wp-page\" data-elementor-id=\"4888\" class=\"elementor elementor-4888\" data-elementor-post-type=\"page\">\n\t\t\t\t<div class=\"elementor-element elementor-element-a8fadc2 e-flex e-con-boxed e-con e-parent\" data-id=\"a8fadc2\" data-element_type=\"container\" data-e-type=\"container\">\n\t\t\t\t\t<div class=\"e-con-inner\">\n\t\t<div class=\"elementor-element elementor-element-3f9efb8 e-con-full e-flex e-con e-child\" data-id=\"3f9efb8\" data-element_type=\"container\" data-e-type=\"container\">\n\t\t\t\t<div class=\"elementor-element elementor-element-b133832 elementor-widget elementor-widget-image\" data-id=\"b133832\" data-element_type=\"widget\" data-e-type=\"widget\" data-widget_type=\"image.default\">\n\t\t\t\t<div class=\"elementor-widget-container\">\n\t\t\t\t\t\t\t\t\t\t\t\t\t\t\t<img fetchpriority=\"high\" decoding=\"async\" width=\"570\" height=\"570\" src=\"https:\/\/agrotex.az\/wp-content\/uploads\/2024\/07\/Karbamid-Socar-2.jpg\" class=\"attachment-large size-large wp-image-3545\" alt=\"\" srcset=\"https:\/\/agrotex.az\/wp-content\/uploads\/2024\/07\/Karbamid-Socar-2.jpg 570w, https:\/\/agrotex.az\/wp-content\/uploads\/2024\/07\/Karbamid-Socar-2-100x100.jpg 100w, https:\/\/agrotex.az\/wp-content\/uploads\/2024\/07\/Karbamid-Socar-2-300x300.jpg 300w, https:\/\/agrotex.az\/wp-content\/uploads\/2024\/07\/Karbamid-Socar-2-150x150.jpg 150w, https:\/\/agrotex.az\/wp-content\/uploads\/2024\/07\/Karbamid-Socar-2-12x12.jpg 12w, https:\/\/agrotex.az\/wp-content\/uploads\/2024\/07\/Karbamid-Socar-2-370x370.jpg 370w, https:\/\/agrotex.az\/wp-content\/uploads\/2024\/07\/Karbamid-Socar-2-60x60.jpg 60w\" sizes=\"(max-width: 570px) 100vw, 570px\" \/>\t\t\t\t\t\t\t\t\t\t\t\t\t\t\t<\/div>\n\t\t\t\t<\/div>\n\t\t\t\t<\/div>\n\t\t<div class=\"elementor-element elementor-element-f1ee74c e-con-full e-flex e-con e-child\" data-id=\"f1ee74c\" data-element_type=\"container\" data-e-type=\"container\">\n\t\t\t\t<div class=\"elementor-element elementor-element-6431c05 elementor-widget elementor-widget-heading\" data-id=\"6431c05\" data-element_type=\"widget\" data-e-type=\"widget\" data-widget_type=\"heading.default\">\n\t\t\t\t<div class=\"elementor-widget-container\">\n\t\t\t\t\t<h3 class=\"elementor-heading-title elementor-size-default\"><h1 style=\"margin-right: 35px;margin-bottom: 7px;line-height: 57px;font-family: Montserrat;font-size: 30px\">\u041a\u0430\u0440\u0431\u0430\u043c\u0438\u0434 SOCAR \u041c\u0430\u0440\u043a\u0430 B (N46.3%, 40 \u043a\u0433)<\/h1><\/h3>\t\t\t\t<\/div>\n\t\t\t\t<\/div>\n\t\t\t\t<div class=\"elementor-element elementor-element-4c37b58 elementor-widget elementor-widget-text-editor\" data-id=\"4c37b58\" data-element_type=\"widget\" data-e-type=\"widget\" data-widget_type=\"text-editor.default\">\n\t\t\t\t<div class=\"elementor-widget-container\">\n\t\t\t\t\t\t\t\t\t<div class=\"woocommerce-product-details__short-description\" style=\"margin-bottom: 35px; padding-top: 20px; border-top: 0.8px solid #ece7e2; font-variant-ligatures: normal; font-variant-caps: normal; font-family: Poppins, sans-serif; font-size: 16px; font-style: normal; font-weight: 500;\"><ul style=\"font-size: 16px;\"><li>\u0423\u043f\u0430\u043a\u043e\u0432\u043a\u0430: \u043c\u0435\u0448\u043e\u043a 40 \u043a\u0433.<\/li><li>\u0421\u043e\u0441\u0442\u0430\u0432: 46,3% N<\/li><li>\u041f\u0440\u043e\u0438\u0437\u0432\u043e\u0434\u0438\u0442\u0435\u043b\u044c: \u0410\u0437\u0435\u0440\u0431\u0430\u0439\u0434\u0436\u0430\u043d\u0441\u043a\u0430\u044f \u0420\u0435\u0441\u043f\u0443\u0431\u043b\u0438\u043a\u0430\/Socar<\/li><\/ul><\/div><div class=\"product_meta\" style=\"margin-top: 5px; font-variant-ligatures: normal; font-variant-caps: normal; font-family: Poppins, sans-serif; font-size: 16px; font-style: normal; font-weight: 500; clear: left;\"><span class=\"posted_in\" style=\"margin-bottom: 10px; line-height: 28px; font-size: 18px; display: block; color: #878680;\"><span class=\"title\" style=\"font-size: 20px; font-weight: 800; color: #1f1e17;\">\u041a\u0430\u0442\u0435\u0433\u043e\u0440\u0438\u044f:<\/span> <a style=\"color: #878680; font-size: 20px !important; font-weight: 500 !important;\" href=\"https:\/\/agrotex.az\/ru\/gubre\/\" rel=\"tag\">\u0423\u0434\u043e\u0431\u0440\u0435\u043d\u0438\u044f<\/a> <a href=\"https:\/\/agrotex.az\/ru\/gubre-qranul\/\">\u0433\u0440\u0430\u043d\u0443\u043b\u0430<\/a><\/span><\/div>\t\t\t\t\t\t\t\t<\/div>\n\t\t\t\t<\/div>\n\t\t\t\t<\/div>\n\t\t\t\t\t<\/div>\n\t\t\t\t<\/div>\n\t\t<div class=\"elementor-element elementor-element-be61dee e-flex e-con-boxed e-con e-parent\" data-id=\"be61dee\" data-element_type=\"container\" data-e-type=\"container\">\n\t\t\t\t\t<div class=\"e-con-inner\">\n\t\t\t\t<div class=\"elementor-element elementor-element-640d478 e-n-tabs-mobile elementor-widget elementor-widget-n-tabs\" data-id=\"640d478\" data-element_type=\"widget\" data-e-type=\"widget\" data-settings=\"{&quot;tabs_justify_horizontal&quot;:&quot;start&quot;,&quot;horizontal_scroll&quot;:&quot;disable&quot;}\" data-widget_type=\"nested-tabs.default\">\n\t\t\t\t<div class=\"elementor-widget-container\">\n\t\t\t\t\t\t\t<div class=\"e-n-tabs\" data-widget-number=\"104911992\" aria-label=\"\u0412\u043a\u043b\u0430\u0434\u043a\u0438. \u041e\u0442\u043a\u0440\u044b\u0432\u0430\u0439\u0442\u0435 \u044d\u043b\u0435\u043c\u0435\u043d\u0442\u044b \u0441 \u043f\u043e\u043c\u043e\u0449\u044c\u044e \u043a\u043b\u0430\u0432\u0438\u0448 Enter \u0438\u043b\u0438 Space, \u0437\u0430\u043a\u0440\u044b\u0432\u0430\u0439\u0442\u0435 \u0441 \u043f\u043e\u043c\u043e\u0449\u044c\u044e Escape \u0438 \u043f\u0435\u0440\u0435\u043c\u0435\u0449\u0430\u0439\u0442\u0435\u0441\u044c \u0441 \u043f\u043e\u043c\u043e\u0449\u044c\u044e \u043a\u043b\u0430\u0432\u0438\u0448 \u0441\u043e \u0441\u0442\u0440\u0435\u043b\u043a\u0430\u043c\u0438.\">\n\t\t\t<div class=\"e-n-tabs-heading\" role=\"tablist\">\n\t\t\t\t\t<button id=\"e-n-tab-title-1049119921\" data-tab-title-id=\"e-n-tab-title-1049119921\" class=\"e-n-tab-title\" aria-selected=\"true\" data-tab-index=\"1\" role=\"tab\" tabindex=\"0\" aria-controls=\"e-n-tab-content-1049119921\" style=\"--n-tabs-title-order: 1;\">\n\t\t\t\t\t\t<span class=\"e-n-tab-title-text\">\n\t\t\t\t\u0418\u043d\u0441\u0442\u0440\u0443\u043a\u0446\u0438\u0438\t\t\t<\/span>\n\t\t<\/button>\n\t\t\t\t\t<\/div>\n\t\t\t<div class=\"e-n-tabs-content\">\n\t\t\t\t<div id=\"e-n-tab-content-1049119921\" role=\"tabpanel\" aria-labelledby=\"e-n-tab-title-1049119921\" data-tab-index=\"1\" style=\"--n-tabs-title-order: 1;\" class=\"e-active elementor-element elementor-element-a2c4efb e-con-full e-flex e-con e-child\" data-id=\"a2c4efb\" data-element_type=\"container\" data-e-type=\"container\">\n\t\t\t\t<div class=\"elementor-element elementor-element-c0cf869 elementor-widget elementor-widget-text-editor\" data-id=\"c0cf869\" data-element_type=\"widget\" data-e-type=\"widget\" data-widget_type=\"text-editor.default\">\n\t\t\t\t<div class=\"elementor-widget-container\">\n\t\t\t\t\t\t\t\t\t<div class=\"woocommerce-product-details__short-description\" style=\"margin-bottom: 35px; padding-top: 20px; border-top: 0.8px solid #ece7e2; font-variant-ligatures: normal; font-variant-caps: normal; font-family: Poppins, sans-serif; font-size: 16px; font-style: normal; font-weight: 500;\"><div class=\"woocommerce-tabs wc-tabs-wrapper\"><div id=\"tab-description\" class=\"woocommerce-Tabs-panel woocommerce-Tabs-panel--description panel entry-content wc-tab\" role=\"tabpanel\" aria-labelledby=\"tab-title-description\"><div class=\"product-inner-tabs\" data-js-tab=\"\"><div class=\"product-inner-tabs_box\"><div id=\"tab1\" class=\"tab opened\"><div class=\"product-inner-tab-container\"><div class=\"product-inne-tab-content\">\u041a\u0430\u0440\u0431\u0430\u043c\u0438\u0434 \u0421\u043e\u043a\u0430\u0440 \u2013 \u043f\u043e\u0441\u043a\u043e\u043b\u044c\u043a\u0443 \u0441\u043e\u0434\u0435\u0440\u0436\u0438\u0442 \u0430\u0437\u043e\u0442, \u0435\u0433\u043e \u0438\u0441\u043f\u043e\u043b\u044c\u0437\u0443\u044e\u0442 \u0434\u043b\u044f \u0443\u0434\u043e\u0431\u0440\u0435\u043d\u0438\u044f \u0444\u0440\u0443\u043a\u0442\u043e\u0432\u044b\u0445 \u0434\u0435\u0440\u0435\u0432\u044c\u0435\u0432, \u043e\u0432\u043e\u0449\u0435\u0439 \u0438 \u0431\u0430\u0445\u0447\u0435\u0432\u044b\u0445 \u043a\u0443\u043b\u044c\u0442\u0443\u0440. \u0410\u0437\u043e\u0442 \u0438\u0433\u0440\u0430\u0435\u0442 \u0432\u0430\u0436\u043d\u0443\u044e \u0440\u043e\u043b\u044c \u0432 \u0440\u043e\u0441\u0442\u0435 \u0440\u0430\u0441\u0442\u0435\u043d\u0438\u0439 \u0438 \u043e\u0431\u0435\u0441\u043f\u0435\u0447\u0435\u043d\u0438\u0438 \u0432\u044b\u0441\u043e\u043a\u043e\u0439 \u043f\u0440\u043e\u0434\u0443\u043a\u0442\u0438\u0432\u043d\u043e\u0441\u0442\u0438.<\/div><div>\u042d\u0442\u043e \u0443\u0434\u043e\u0431\u0440\u0435\u043d\u0438\u0435 \u043e\u0442\u043b\u0438\u0447\u0430\u0435\u0442\u0441\u044f \u043b\u0435\u0433\u043a\u043e\u0439 \u0440\u0430\u0441\u0442\u0432\u043e\u0440\u0438\u043c\u043e\u0441\u0442\u044c\u044e \u0432 \u043f\u043e\u0447\u0432\u0435.<br \/>\u0423\u0434\u043e\u0431\u0440\u0435\u043d\u0438\u0435 \u043d\u0430 \u043e\u0441\u043d\u043e\u0432\u0435 \u043c\u043e\u0447\u0435\u0432\u0438\u043d\u044b \u0441\u043e\u0434\u0435\u0440\u0436\u0438\u0442 \u0431\u043e\u043b\u044c\u0448\u0435 \u0430\u0437\u043e\u0442\u0430, \u0447\u0435\u043c \u0430\u043c\u043c\u0438\u0430\u0447\u043d\u0430\u044f \u0441\u0435\u043b\u0438\u0442\u0440\u0430. \u0421\u043e\u0434\u0435\u0440\u0436\u0438\u0442 46% \u0430\u0437\u043e\u0442\u0430.<br \/>\u0423\u0434\u043e\u0431\u0440\u0435\u043d\u0438\u0435 \u043a\u0430\u0440\u0431\u0430\u043c\u0438\u0434 \u0432\u043d\u043e\u0441\u044f\u0442 \u043f\u0440\u0435\u0438\u043c\u0443\u0449\u0435\u0441\u0442\u0432\u0435\u043d\u043d\u043e \u0440\u0430\u043d\u043d\u0435\u0439 \u0432\u0435\u0441\u043d\u043e\u0439 \u0432 \u043a\u0430\u0447\u0435\u0441\u0442\u0432\u0435 \u043f\u043e\u0434\u043a\u043e\u0440\u043c\u043a\u0438, \u043f\u0440\u0438 \u043f\u043e\u0441\u0435\u0432\u0435 \u0438 \u0432 \u043f\u0435\u0440\u0438\u043e\u0434 \u0432\u0435\u0433\u0435\u0442\u0430\u0446\u0438\u0438 \u0432\u0441\u0435\u0445 \u0432\u0438\u0434\u043e\u0432 \u0440\u0430\u0441\u0442\u0435\u043d\u0438\u0439.<br \/>\u041f\u043e\u0441\u043a\u043e\u043b\u044c\u043a\u0443 \u043c\u043e\u0447\u0435\u0432\u0438\u043d\u0430 \u0441\u043e\u0434\u0435\u0440\u0436\u0438\u0442 \u0432\u044b\u0441\u043e\u043a\u0438\u0439 \u043f\u0440\u043e\u0446\u0435\u043d\u0442 \u0430\u0437\u043e\u0442\u0430, \u043e\u043d\u0430 \u043f\u043e\u043c\u043e\u0433\u0430\u0435\u0442 \u0440\u0430\u0441\u0442\u0435\u043d\u0438\u044f\u043c \u043d\u0430\u0440\u0430\u0449\u0438\u0432\u0430\u0442\u044c \u0437\u0435\u043b\u0435\u043d\u0443\u044e \u043c\u0430\u0441\u0441\u0443. \u0422\u0430\u043a\u0438\u043c \u043e\u0431\u0440\u0430\u0437\u043e\u043c, \u044d\u0442\u043e \u044d\u0444\u0444\u0435\u043a\u0442\u0438\u0432\u043d\u043e \u0432\u043b\u0438\u044f\u0435\u0442 \u043d\u0430 \u043f\u0440\u043e\u0438\u0437\u0432\u043e\u0434\u0438\u0442\u0435\u043b\u044c\u043d\u043e\u0441\u0442\u044c \u0438 \u043a\u0430\u0447\u0435\u0441\u0442\u0432\u043e \u043f\u0440\u043e\u0434\u0443\u043a\u0446\u0438\u0438.<\/div><\/div><\/div><\/div><\/div><\/div><\/div><\/div>\t\t\t\t\t\t\t\t<\/div>\n\t\t\t\t<\/div>\n\t\t\t\t<\/div>\n\t\t\t\t\t<\/div>\n\t\t<\/div>\n\t\t\t\t\t\t<\/div>\n\t\t\t\t<\/div>\n\t\t\t\t\t<\/div>\n\t\t\t\t<\/div>\n\t\t<div class=\"elementor-element elementor-element-b5803a4 e-flex e-con-boxed e-con e-parent\" data-id=\"b5803a4\" data-element_type=\"container\" data-e-type=\"container\">\n\t\t\t\t\t<div class=\"e-con-inner\">\n\t\t\t\t<div class=\"elementor-element elementor-element-7729819 elementor-widget elementor-widget-heading\" data-id=\"7729819\" data-element_type=\"widget\" data-e-type=\"widget\" data-widget_type=\"heading.default\">\n\t\t\t\t<div class=\"elementor-widget-container\">\n\t\t\t\t\t<h3 class=\"elementor-heading-title elementor-size-default\">\u041f\u043e\u0445\u043e\u0436\u0438\u0435 \u043f\u0440\u043e\u0434\u0443\u043a\u0442\u044b<\/h3>\t\t\t\t<\/div>\n\t\t\t\t<\/div>\n\t\t\t\t\t<\/div>\n\t\t\t\t<\/div>\n\t\t<div class=\"elementor-element elementor-element-1533018 e-flex e-con-boxed e-con e-parent\" data-id=\"1533018\" data-element_type=\"container\" data-e-type=\"container\">\n\t\t\t\t\t<div class=\"e-con-inner\">\n\t\t<div class=\"elementor-element elementor-element-7a766e6 e-con-full e-flex e-con e-child\" data-id=\"7a766e6\" data-element_type=\"container\" data-e-type=\"container\">\n\t\t\t\t<div class=\"elementor-element elementor-element-95e8dd7 elementor-widget elementor-widget-image\" data-id=\"95e8dd7\" data-element_type=\"widget\" data-e-type=\"widget\" data-widget_type=\"image.default\">\n\t\t\t\t<div class=\"elementor-widget-container\">\n\t\t\t\t\t\t\t\t\t\t\t\t<figure class=\"wp-caption\">\n\t\t\t\t\t\t\t\t\t\t\t<a href=\"https:\/\/agrotex.az\/ru\/ammonium-nitrat-minudobreniya\/\">\n\t\t\t\t\t\t\t<img decoding=\"async\" width=\"570\" height=\"570\" src=\"https:\/\/agrotex.az\/wp-content\/uploads\/2024\/06\/min-01.png\" class=\"attachment-large size-large wp-image-3866\" alt=\"Ammonium Nitrat \u2013 Minudobreniya\" srcset=\"https:\/\/agrotex.az\/wp-content\/uploads\/2024\/06\/min-01.png 570w, https:\/\/agrotex.az\/wp-content\/uploads\/2024\/06\/min-01-300x300.png 300w, https:\/\/agrotex.az\/wp-content\/uploads\/2024\/06\/min-01-150x150.png 150w, https:\/\/agrotex.az\/wp-content\/uploads\/2024\/06\/min-01-12x12.png 12w, https:\/\/agrotex.az\/wp-content\/uploads\/2024\/06\/min-01-370x370.png 370w, https:\/\/agrotex.az\/wp-content\/uploads\/2024\/06\/min-01-60x60.png 60w, https:\/\/agrotex.az\/wp-content\/uploads\/2024\/06\/min-01-100x100.png 100w\" sizes=\"(max-width: 570px) 100vw, 570px\" \/>\t\t\t\t\t\t\t\t<\/a>\n\t\t\t\t\t\t\t\t\t\t\t<figcaption class=\"widget-image-caption wp-caption-text\">Ammonium Nitrat \u2013 Minudobreniya<\/figcaption>\n\t\t\t\t\t\t\t\t\t\t<\/figure>\n\t\t\t\t\t\t\t\t\t<\/div>\n\t\t\t\t<\/div>\n\t\t\t\t<\/div>\n\t\t<div class=\"elementor-element elementor-element-9d581fe e-con-full e-flex e-con e-child\" data-id=\"9d581fe\" data-element_type=\"container\" data-e-type=\"container\">\n\t\t\t\t<div class=\"elementor-element elementor-element-3afd8a3 elementor-widget elementor-widget-image\" data-id=\"3afd8a3\" data-element_type=\"widget\" data-e-type=\"widget\" data-widget_type=\"image.default\">\n\t\t\t\t<div class=\"elementor-widget-container\">\n\t\t\t\t\t\t\t\t\t\t\t\t<figure class=\"wp-caption\">\n\t\t\t\t\t\t\t\t\t\t\t<a href=\"https:\/\/agrotex.az\/ru\/ammofos-eurochem-np-1252\/\">\n\t\t\t\t\t\t\t<img decoding=\"async\" width=\"570\" height=\"570\" src=\"https:\/\/agrotex.az\/wp-content\/uploads\/2022\/07\/Evroxim-Ammofos.jpg\" class=\"attachment-large size-large wp-image-3415\" alt=\"Ammofos Eurochem NP 12:52\" srcset=\"https:\/\/agrotex.az\/wp-content\/uploads\/2022\/07\/Evroxim-Ammofos.jpg 570w, https:\/\/agrotex.az\/wp-content\/uploads\/2022\/07\/Evroxim-Ammofos-100x100.jpg 100w, https:\/\/agrotex.az\/wp-content\/uploads\/2022\/07\/Evroxim-Ammofos-300x300.jpg 300w, https:\/\/agrotex.az\/wp-content\/uploads\/2022\/07\/Evroxim-Ammofos-150x150.jpg 150w, https:\/\/agrotex.az\/wp-content\/uploads\/2022\/07\/Evroxim-Ammofos-370x370.jpg 370w, https:\/\/agrotex.az\/wp-content\/uploads\/2022\/07\/Evroxim-Ammofos-60x60.jpg 60w\" sizes=\"(max-width: 570px) 100vw, 570px\" \/>\t\t\t\t\t\t\t\t<\/a>\n\t\t\t\t\t\t\t\t\t\t\t<figcaption class=\"widget-image-caption wp-caption-text\">\u0410\u043c\u043c\u043e\u0444\u043e\u0441 \u0415\u0432\u0440\u043e\u0445\u0438\u043c \u041d\u041f 12:52<\/figcaption>\n\t\t\t\t\t\t\t\t\t\t<\/figure>\n\t\t\t\t\t\t\t\t\t<\/div>\n\t\t\t\t<\/div>\n\t\t\t\t<\/div>\n\t\t<div class=\"elementor-element elementor-element-9aee20e e-con-full e-flex e-con e-child\" data-id=\"9aee20e\" data-element_type=\"container\" data-e-type=\"container\">\n\t\t\t\t<div class=\"elementor-element elementor-element-228d99a elementor-widget elementor-widget-image\" data-id=\"228d99a\" data-element_type=\"widget\" data-e-type=\"widget\" data-widget_type=\"image.default\">\n\t\t\t\t<div class=\"elementor-widget-container\">\n\t\t\t\t\t\t\t\t\t\t\t\t<figure class=\"wp-caption\">\n\t\t\t\t\t\t\t\t\t\t\t<a href=\"https:\/\/agrotex.az\/ru\/ammonium-nitrate-eurochem-n34-4-50-kg\/\">\n\t\t\t\t\t\t\t<img loading=\"lazy\" decoding=\"async\" width=\"570\" height=\"570\" src=\"https:\/\/agrotex.az\/wp-content\/uploads\/2024\/07\/Ammonium-nitrat-eurochem.jpg\" class=\"attachment-large size-large wp-image-3538\" alt=\"Ammonium Nitrate Eurochem\" srcset=\"https:\/\/agrotex.az\/wp-content\/uploads\/2024\/07\/Ammonium-nitrat-eurochem.jpg 570w, https:\/\/agrotex.az\/wp-content\/uploads\/2024\/07\/Ammonium-nitrat-eurochem-100x100.jpg 100w, https:\/\/agrotex.az\/wp-content\/uploads\/2024\/07\/Ammonium-nitrat-eurochem-300x300.jpg 300w, https:\/\/agrotex.az\/wp-content\/uploads\/2024\/07\/Ammonium-nitrat-eurochem-150x150.jpg 150w, https:\/\/agrotex.az\/wp-content\/uploads\/2024\/07\/Ammonium-nitrat-eurochem-12x12.jpg 12w, https:\/\/agrotex.az\/wp-content\/uploads\/2024\/07\/Ammonium-nitrat-eurochem-370x370.jpg 370w, https:\/\/agrotex.az\/wp-content\/uploads\/2024\/07\/Ammonium-nitrat-eurochem-60x60.jpg 60w\" sizes=\"(max-width: 570px) 100vw, 570px\" \/>\t\t\t\t\t\t\t\t<\/a>\n\t\t\t\t\t\t\t\t\t\t\t<figcaption class=\"widget-image-caption wp-caption-text\">Ammonium Nitrate Eurochem<\/figcaption>\n\t\t\t\t\t\t\t\t\t\t<\/figure>\n\t\t\t\t\t\t\t\t\t<\/div>\n\t\t\t\t<\/div>\n\t\t\t\t<\/div>\n\t\t\t\t\t<\/div>\n\t\t\t\t<\/div>\n\t\t\t\t<\/div>","protected":false},"excerpt":{"rendered":"<p>Karbamid SOCAR Marka B (N46,3%, 40 kg) Qabla\u015fd\u0131rma: 40 kq-l\u0131q kis\u0259 T\u0259rkib: 46,3% N \u0130stehsal\u00e7\u0131: Az\u0259rbaycan Respublikas\u0131\/Socar Kateqoriya: G\u00fcbr\u0259, qranul \u0130stifad\u0259 qaydas\u0131 Karbamid Socar \u2013 azot t\u0259rkibli oldu\u011fu \u00fc\u00e7\u00fcn meyv\u0259 a\u011faclar\u0131, t\u0259r\u0259v\u0259zl\u0259rd\u0259, bostan bitkil\u0259rind\u0259 istifad\u0259 olunur. Bitkil\u0259rin b\u00f6y\u00fcm\u0259sind\u0259 v\u0259 m\u0259hsuldarl\u0131\u011f\u0131n y\u00fcks\u0259k olmas\u0131nda azotun rolu b\u00f6y\u00fckd\u00fcr.Bu g\u00fcbr\u0259 torpaqda asan h\u0259ll edilm\u0259si<\/p>","protected":false},"author":1,"featured_media":0,"parent":0,"menu_order":0,"comment_status":"closed","ping_status":"closed","template":"","meta":{"inline_featured_image":false,"footnotes":""},"class_list":["post-4888","page","type-page","status-publish","hentry"],"_links":{"self":[{"href":"https:\/\/agrotex.az\/ru\/wp-json\/wp\/v2\/pages\/4888","targetHints":{"allow":["GET"]}}],"collection":[{"href":"https:\/\/agrotex.az\/ru\/wp-json\/wp\/v2\/pages"}],"about":[{"href":"https:\/\/agrotex.az\/ru\/wp-json\/wp\/v2\/types\/page"}],"author":[{"embeddable":true,"href":"https:\/\/agrotex.az\/ru\/wp-json\/wp\/v2\/users\/1"}],"replies":[{"embeddable":true,"href":"https:\/\/agrotex.az\/ru\/wp-json\/wp\/v2\/comments?post=4888"}],"version-history":[{"count":35,"href":"https:\/\/agrotex.az\/ru\/wp-json\/wp\/v2\/pages\/4888\/revisions"}],"predecessor-version":[{"id":6450,"href":"https:\/\/agrotex.az\/ru\/wp-json\/wp\/v2\/pages\/4888\/revisions\/6450"}],"wp:attachment":[{"href":"https:\/\/agrotex.az\/ru\/wp-json\/wp\/v2\/media?parent=4888"}],"curies":[{"name":"wp","href":"https:\/\/api.w.org\/{rel}","templated":true}]}}