{"id":4679,"date":"2025-05-20T12:26:22","date_gmt":"2025-05-20T12:26:22","guid":{"rendered":"https:\/\/agrotex.az\/?page_id=4679"},"modified":"2025-05-29T22:52:53","modified_gmt":"2025-05-29T22:52:53","slug":"koropik-240-ec","status":"publish","type":"page","link":"https:\/\/agrotex.az\/ru\/koropik-240-ec\/","title":{"rendered":"\u041a\u043e\u0440\u043e\u043f\u0438\u043a 240 EC"},"content":{"rendered":"<div data-elementor-type=\"wp-page\" data-elementor-id=\"4679\" class=\"elementor elementor-4679\" data-elementor-post-type=\"page\">\n\t\t\t\t<div class=\"elementor-element elementor-element-a8fadc2 e-flex e-con-boxed e-con e-parent\" data-id=\"a8fadc2\" data-element_type=\"container\" data-e-type=\"container\">\n\t\t\t\t\t<div class=\"e-con-inner\">\n\t\t<div class=\"elementor-element elementor-element-3f9efb8 e-con-full e-flex e-con e-child\" data-id=\"3f9efb8\" data-element_type=\"container\" data-e-type=\"container\">\n\t\t\t\t<div class=\"elementor-element elementor-element-b133832 elementor-widget elementor-widget-image\" data-id=\"b133832\" data-element_type=\"widget\" data-e-type=\"widget\" data-widget_type=\"image.default\">\n\t\t\t\t<div class=\"elementor-widget-container\">\n\t\t\t\t\t\t\t\t\t\t\t\t\t\t\t<img fetchpriority=\"high\" decoding=\"async\" width=\"570\" height=\"570\" src=\"https:\/\/agrotex.az\/wp-content\/uploads\/2024\/07\/Koruma-Koropik-240-EC.jpg\" class=\"attachment-large size-large wp-image-3548\" alt=\"Koropik 240 EC\" srcset=\"https:\/\/agrotex.az\/wp-content\/uploads\/2024\/07\/Koruma-Koropik-240-EC.jpg 570w, https:\/\/agrotex.az\/wp-content\/uploads\/2024\/07\/Koruma-Koropik-240-EC-100x100.jpg 100w, https:\/\/agrotex.az\/wp-content\/uploads\/2024\/07\/Koruma-Koropik-240-EC-300x300.jpg 300w, https:\/\/agrotex.az\/wp-content\/uploads\/2024\/07\/Koruma-Koropik-240-EC-150x150.jpg 150w, https:\/\/agrotex.az\/wp-content\/uploads\/2024\/07\/Koruma-Koropik-240-EC-12x12.jpg 12w, https:\/\/agrotex.az\/wp-content\/uploads\/2024\/07\/Koruma-Koropik-240-EC-370x370.jpg 370w, https:\/\/agrotex.az\/wp-content\/uploads\/2024\/07\/Koruma-Koropik-240-EC-60x60.jpg 60w\" sizes=\"(max-width: 570px) 100vw, 570px\" \/>\t\t\t\t\t\t\t\t\t\t\t\t\t\t\t<\/div>\n\t\t\t\t<\/div>\n\t\t\t\t<\/div>\n\t\t<div class=\"elementor-element elementor-element-f1ee74c e-con-full e-flex e-con e-child\" data-id=\"f1ee74c\" data-element_type=\"container\" data-e-type=\"container\">\n\t\t\t\t<div class=\"elementor-element elementor-element-6431c05 elementor-widget elementor-widget-heading\" data-id=\"6431c05\" data-element_type=\"widget\" data-e-type=\"widget\" data-widget_type=\"heading.default\">\n\t\t\t\t<div class=\"elementor-widget-container\">\n\t\t\t\t\t<h3 class=\"elementor-heading-title elementor-size-default\"><h1 style=\"margin-right: 35px;margin-bottom: 7px;line-height: 57px;font-family: Montserrat;font-size: 30px\">\u041a\u043e\u0440\u043e\u043f\u0438\u043a 240 EC<\/h1><\/h3>\t\t\t\t<\/div>\n\t\t\t\t<\/div>\n\t\t\t\t<div class=\"elementor-element elementor-element-4c37b58 elementor-widget elementor-widget-text-editor\" data-id=\"4c37b58\" data-element_type=\"widget\" data-e-type=\"widget\" data-widget_type=\"text-editor.default\">\n\t\t\t\t<div class=\"elementor-widget-container\">\n\t\t\t\t\t\t\t\t\t<div class=\"woocommerce-product-details__short-description\" style=\"margin-bottom: 35px; padding-top: 20px; border-top: 0.8px solid #ece7e2; font-variant-ligatures: normal; font-variant-caps: normal; font-family: Poppins, sans-serif; font-size: 16px; font-style: normal; font-weight: 500;\"><ul style=\"font-size: 16px;\"><li>\u0423\u043f\u0430\u043a\u043e\u0432\u043a\u0430: 20 \u043c\u043b.<\/li><li>\u0414\u0435\u0439\u0441\u0442\u0432\u0443\u044e\u0449\u0435\u0435 \u0432\u0435\u0449\u0435\u0441\u0442\u0432\u043e: 240 \u0433\/\u043b \u041a\u043b\u043e\u0434\u0438\u043d\u0430\u0444\u043e\u043f-\u043f\u0440\u043e\u043f\u0430\u0440\u0433\u0438\u043b, 60 \u0433\/\u043b \u041a\u043b\u043e\u0445\u0438\u043d\u0442\u043e\u0446\u0435\u043d\u0442-\u043c\u0435\u043a\u0441\u0438\u043b<\/li><li>\u041f\u0440\u043e\u0438\u0437\u0432\u043e\u0434\u0438\u0442\u0435\u043b\u044c: \u0422\u0443\u0440\u0446\u0438\u044f\/Koruma<\/li><\/ul><\/div><div class=\"product_meta\" style=\"margin-top: 5px; font-variant-ligatures: normal; font-variant-caps: normal; font-family: Poppins, sans-serif; font-size: 16px; font-style: normal; font-weight: 500; clear: left;\"><span class=\"posted_in\" style=\"margin-bottom: 10px; line-height: 28px; font-size: 18px; display: block; color: #878680;\"><span class=\"title\" style=\"font-size: 20px; font-weight: 800; color: #1f1e17;\">\u041a\u0430\u0442\u0435\u0433\u043e\u0440\u0438\u044f:<\/span> <a style=\"color: #878680; font-size: 20px !important; font-weight: 500 !important;\" href=\"https:\/\/agrotex.az\/ru\/herbisid\/\" rel=\"tag\">\u0413\u0435\u0440\u0431\u0438\u0446\u0438\u0434<\/a><\/span><\/div>\t\t\t\t\t\t\t\t<\/div>\n\t\t\t\t<\/div>\n\t\t\t\t<\/div>\n\t\t\t\t\t<\/div>\n\t\t\t\t<\/div>\n\t\t<div class=\"elementor-element elementor-element-be61dee e-flex e-con-boxed e-con e-parent\" data-id=\"be61dee\" data-element_type=\"container\" data-e-type=\"container\">\n\t\t\t\t\t<div class=\"e-con-inner\">\n\t\t\t\t<div class=\"elementor-element elementor-element-640d478 e-n-tabs-mobile elementor-widget elementor-widget-n-tabs\" data-id=\"640d478\" data-element_type=\"widget\" data-e-type=\"widget\" data-settings=\"{&quot;tabs_justify_horizontal&quot;:&quot;start&quot;,&quot;horizontal_scroll&quot;:&quot;disable&quot;}\" data-widget_type=\"nested-tabs.default\">\n\t\t\t\t<div class=\"elementor-widget-container\">\n\t\t\t\t\t\t\t<div class=\"e-n-tabs\" data-widget-number=\"104911992\" aria-label=\"\u0412\u043a\u043b\u0430\u0434\u043a\u0438. \u041e\u0442\u043a\u0440\u044b\u0432\u0430\u0439\u0442\u0435 \u044d\u043b\u0435\u043c\u0435\u043d\u0442\u044b \u0441 \u043f\u043e\u043c\u043e\u0449\u044c\u044e \u043a\u043b\u0430\u0432\u0438\u0448 Enter \u0438\u043b\u0438 Space, \u0437\u0430\u043a\u0440\u044b\u0432\u0430\u0439\u0442\u0435 \u0441 \u043f\u043e\u043c\u043e\u0449\u044c\u044e Escape \u0438 \u043f\u0435\u0440\u0435\u043c\u0435\u0449\u0430\u0439\u0442\u0435\u0441\u044c \u0441 \u043f\u043e\u043c\u043e\u0449\u044c\u044e \u043a\u043b\u0430\u0432\u0438\u0448 \u0441\u043e \u0441\u0442\u0440\u0435\u043b\u043a\u0430\u043c\u0438.\">\n\t\t\t<div class=\"e-n-tabs-heading\" role=\"tablist\">\n\t\t\t\t\t<button id=\"e-n-tab-title-1049119921\" data-tab-title-id=\"e-n-tab-title-1049119921\" class=\"e-n-tab-title\" aria-selected=\"true\" data-tab-index=\"1\" role=\"tab\" tabindex=\"0\" aria-controls=\"e-n-tab-content-1049119921\" style=\"--n-tabs-title-order: 1;\">\n\t\t\t\t\t\t<span class=\"e-n-tab-title-text\">\n\t\t\t\t\u0418\u043d\u0441\u0442\u0440\u0443\u043a\u0446\u0438\u0438\t\t\t<\/span>\n\t\t<\/button>\n\t\t\t\t\t<\/div>\n\t\t\t<div class=\"e-n-tabs-content\">\n\t\t\t\t<div id=\"e-n-tab-content-1049119921\" role=\"tabpanel\" aria-labelledby=\"e-n-tab-title-1049119921\" data-tab-index=\"1\" style=\"--n-tabs-title-order: 1;\" class=\"e-active elementor-element elementor-element-a2c4efb e-con-full e-flex e-con e-child\" data-id=\"a2c4efb\" data-element_type=\"container\" data-e-type=\"container\">\n\t\t\t\t<div class=\"elementor-element elementor-element-c0cf869 elementor-widget elementor-widget-text-editor\" data-id=\"c0cf869\" data-element_type=\"widget\" data-e-type=\"widget\" data-widget_type=\"text-editor.default\">\n\t\t\t\t<div class=\"elementor-widget-container\">\n\t\t\t\t\t\t\t\t\t<div class=\"woocommerce-product-details__short-description\" style=\"margin-bottom: 35px; padding-top: 20px; border-top: 0.8px solid #ece7e2; font-variant-ligatures: normal; font-variant-caps: normal; font-family: Poppins, sans-serif; font-size: 16px; font-style: normal; font-weight: 500;\"><div class=\"woocommerce-tabs wc-tabs-wrapper\"><div id=\"tab-description\" class=\"woocommerce-Tabs-panel woocommerce-Tabs-panel--description panel entry-content wc-tab\" role=\"tabpanel\" aria-labelledby=\"tab-title-description\"><div class=\"product-inner-tabs\" data-js-tab=\"\"><div class=\"product-inner-tabs_box\"><div id=\"tab1\" class=\"tab opened\"><div class=\"product-inner-tab-container\"><p>\u041f\u0440\u0438\u043c\u0435\u043d\u044f\u0435\u0442\u0441\u044f \u043f\u0440\u043e\u0442\u0438\u0432 \u0432\u0440\u0435\u0434\u043d\u044b\u0445 \u0441\u043e\u0440\u043d\u044f\u043a\u043e\u0432 \u0432 \u043f\u043e\u0441\u0435\u0432\u0430\u0445 \u043f\u0448\u0435\u043d\u0438\u0446\u044b. \u0414\u043b\u044f \u043d\u0430\u043d\u0435\u0441\u0435\u043d\u0438\u044f \u0432\u044b\u0431\u0435\u0440\u0438\u0442\u0435 \u0431\u0435\u0437\u0432\u0435\u0442\u0440\u0435\u043d\u043d\u0443\u044e \u043f\u043e\u0433\u043e\u0434\u0443. \u041e\u0431\u0435\u0441\u043f\u0435\u0447\u0438\u0442\u044c \u043e\u0436\u0438\u0434\u0430\u0435\u043c\u044b\u0439 \u043f\u0440\u0435\u0432\u043e\u0441\u0445\u043e\u0434\u043d\u044b\u0439 \u0443\u0441\u043f\u0435\u0445 \u043d\u0430 \u043f\u0440\u0430\u043a\u0442\u0438\u043a\u0435; \u041f\u0440\u0438 \u0438\u0441\u043f\u043e\u043b\u044c\u0437\u043e\u0432\u0430\u043d\u0438\u0438 \u0432\u0435\u043d\u0442\u0438\u043b\u044f\u0442\u043e\u0440\u0430 \u0441\u043b\u0435\u0434\u0443\u0435\u0442 \u0441\u043b\u0435\u0434\u0438\u0442\u044c \u0437\u0430 \u0442\u0435\u043c, \u0447\u0442\u043e\u0431\u044b \u0440\u0430\u0441\u0445\u043e\u0434 \u0432\u043e\u0434\u044b \u0441\u043e\u0441\u0442\u0430\u0432\u043b\u044f\u043b 20\u201340 \u043b\u0438\u0442\u0440\u043e\u0432 \u043d\u0430 \u0434\u0435\u043a\u0430\u0440, \u0430 \u0434\u0430\u0432\u043b\u0435\u043d\u0438\u0435 \u0434\u043e\u043b\u0436\u043d\u043e \u0441\u043e\u0441\u0442\u0430\u0432\u043b\u044f\u0442\u044c 2,0\u20132,5 \u0430\u0442\u043c\u043e\u0441\u0444\u0435\u0440\u044b. \u0420\u0430\u0441\u0442\u0435\u043d\u0438\u044f \u0434\u043e\u043b\u0436\u043d\u044b \u0431\u044b\u0442\u044c \u0445\u043e\u0440\u043e\u0448\u043e \u043f\u043e\u043a\u0440\u044b\u0442\u044b \u0440\u0430\u0441\u0442\u0432\u043e\u0440\u043e\u043c \u043f\u0440\u043e\u0434\u0443\u043a\u0442\u0430. \u0414\u043b\u044f \u0432\u043d\u0435\u0441\u0435\u043d\u0438\u044f \u043f\u0440\u0435\u043f\u0430\u0440\u0430\u0442\u0430 Koropik 240 EC \u043f\u043e\u0434\u0445\u043e\u0434\u044f\u0442 \u043e\u043f\u0440\u044b\u0441\u043a\u0438\u0432\u0430\u0442\u0435\u043b\u0438 \u0441\u0440\u0435\u0434\u043d\u0435\u0439 \u0438 \u0431\u043e\u043b\u044c\u0448\u043e\u0439 \u043f\u0440\u043e\u0438\u0437\u0432\u043e\u0434\u0438\u0442\u0435\u043b\u044c\u043d\u043e\u0441\u0442\u0438, \u043f\u0440\u0438\u0446\u0435\u043f\u043b\u044f\u0435\u043c\u044b\u0435 \u043a \u0442\u0440\u0430\u043a\u0442\u043e\u0440\u0430\u043c. \u041f\u0440\u0438 \u0440\u0430\u0441\u043f\u044b\u043b\u0435\u043d\u0438\u0438 \u043d\u0435 \u0440\u0435\u043a\u043e\u043c\u0435\u043d\u0434\u0443\u0435\u0442\u0441\u044f \u0438\u0441\u043f\u043e\u043b\u044c\u0437\u043e\u0432\u0430\u0442\u044c \u0440\u0430\u043d\u0446\u0435\u0432\u044b\u0439 \u043e\u043f\u0440\u044b\u0441\u043a\u0438\u0432\u0430\u0442\u0435\u043b\u044c \u0438\u043b\u0438 \u043f\u0443\u043b\u044c\u0432\u0435\u0440\u0438\u0437\u0430\u0442\u043e\u0440.<\/p><\/div><\/div><\/div><\/div><\/div><\/div><\/div>\t\t\t\t\t\t\t\t<\/div>\n\t\t\t\t<\/div>\n\t\t\t\t<\/div>\n\t\t\t\t\t<\/div>\n\t\t<\/div>\n\t\t\t\t\t\t<\/div>\n\t\t\t\t<\/div>\n\t\t\t\t\t<\/div>\n\t\t\t\t<\/div>\n\t\t<div class=\"elementor-element elementor-element-b5803a4 e-flex e-con-boxed e-con e-parent\" data-id=\"b5803a4\" data-element_type=\"container\" data-e-type=\"container\">\n\t\t\t\t\t<div class=\"e-con-inner\">\n\t\t\t\t<div class=\"elementor-element elementor-element-7729819 elementor-widget elementor-widget-heading\" data-id=\"7729819\" data-element_type=\"widget\" data-e-type=\"widget\" data-widget_type=\"heading.default\">\n\t\t\t\t<div class=\"elementor-widget-container\">\n\t\t\t\t\t<h3 class=\"elementor-heading-title elementor-size-default\">\u041f\u043e\u0445\u043e\u0436\u0438\u0435 \u043f\u0440\u043e\u0434\u0443\u043a\u0442\u044b<\/h3>\t\t\t\t<\/div>\n\t\t\t\t<\/div>\n\t\t\t\t\t<\/div>\n\t\t\t\t<\/div>\n\t\t<div class=\"elementor-element elementor-element-d7c2fd8 e-flex e-con-boxed e-con e-parent\" data-id=\"d7c2fd8\" data-element_type=\"container\" data-e-type=\"container\">\n\t\t\t\t\t<div class=\"e-con-inner\">\n\t\t<div class=\"elementor-element elementor-element-02399c1 e-con-full e-flex e-con e-child\" data-id=\"02399c1\" data-element_type=\"container\" data-e-type=\"container\">\n\t\t\t\t<div class=\"elementor-element elementor-element-8190dca elementor-widget elementor-widget-image\" data-id=\"8190dca\" data-element_type=\"widget\" data-e-type=\"widget\" data-widget_type=\"image.default\">\n\t\t\t\t<div class=\"elementor-widget-container\">\n\t\t\t\t\t\t\t\t\t\t\t\t<figure class=\"wp-caption\">\n\t\t\t\t\t\t\t\t\t\t\t<a href=\"https:\/\/agrotex.az\/ru\/ribasso-4-od\/\">\n\t\t\t\t\t\t\t<img decoding=\"async\" width=\"570\" height=\"570\" src=\"https:\/\/agrotex.az\/wp-content\/uploads\/2025\/05\/sayt-ribasso-01.png\" class=\"attachment-large size-large wp-image-4040\" alt=\"Ribasso 4 OD\" srcset=\"https:\/\/agrotex.az\/wp-content\/uploads\/2025\/05\/sayt-ribasso-01.png 570w, https:\/\/agrotex.az\/wp-content\/uploads\/2025\/05\/sayt-ribasso-01-300x300.png 300w, https:\/\/agrotex.az\/wp-content\/uploads\/2025\/05\/sayt-ribasso-01-150x150.png 150w, https:\/\/agrotex.az\/wp-content\/uploads\/2025\/05\/sayt-ribasso-01-12x12.png 12w, https:\/\/agrotex.az\/wp-content\/uploads\/2025\/05\/sayt-ribasso-01-370x370.png 370w, https:\/\/agrotex.az\/wp-content\/uploads\/2025\/05\/sayt-ribasso-01-60x60.png 60w, https:\/\/agrotex.az\/wp-content\/uploads\/2025\/05\/sayt-ribasso-01-100x100.png 100w\" sizes=\"(max-width: 570px) 100vw, 570px\" \/>\t\t\t\t\t\t\t\t<\/a>\n\t\t\t\t\t\t\t\t\t\t\t<figcaption class=\"widget-image-caption wp-caption-text\">Ribasso 4 OD<\/figcaption>\n\t\t\t\t\t\t\t\t\t\t<\/figure>\n\t\t\t\t\t\t\t\t\t<\/div>\n\t\t\t\t<\/div>\n\t\t\t\t<\/div>\n\t\t<div class=\"elementor-element elementor-element-1fe5e33 e-con-full e-flex e-con e-child\" data-id=\"1fe5e33\" data-element_type=\"container\" data-e-type=\"container\">\n\t\t\t\t<div class=\"elementor-element elementor-element-820f923 elementor-widget elementor-widget-image\" data-id=\"820f923\" data-element_type=\"widget\" data-e-type=\"widget\" data-widget_type=\"image.default\">\n\t\t\t\t<div class=\"elementor-widget-container\">\n\t\t\t\t\t\t\t\t\t\t\t\t<figure class=\"wp-caption\">\n\t\t\t\t\t\t\t\t\t\t\t<a href=\"https:\/\/agrotex.az\/ru\/weed-killer\/\">\n\t\t\t\t\t\t\t<img decoding=\"async\" width=\"570\" height=\"570\" src=\"https:\/\/agrotex.az\/wp-content\/uploads\/2024\/07\/wedkiller-01.png\" class=\"attachment-large size-large wp-image-4007\" alt=\"Weed Killer\" srcset=\"https:\/\/agrotex.az\/wp-content\/uploads\/2024\/07\/wedkiller-01.png 570w, https:\/\/agrotex.az\/wp-content\/uploads\/2024\/07\/wedkiller-01-300x300.png 300w, https:\/\/agrotex.az\/wp-content\/uploads\/2024\/07\/wedkiller-01-150x150.png 150w, https:\/\/agrotex.az\/wp-content\/uploads\/2024\/07\/wedkiller-01-12x12.png 12w, https:\/\/agrotex.az\/wp-content\/uploads\/2024\/07\/wedkiller-01-370x370.png 370w, https:\/\/agrotex.az\/wp-content\/uploads\/2024\/07\/wedkiller-01-60x60.png 60w, https:\/\/agrotex.az\/wp-content\/uploads\/2024\/07\/wedkiller-01-100x100.png 100w\" sizes=\"(max-width: 570px) 100vw, 570px\" \/>\t\t\t\t\t\t\t\t<\/a>\n\t\t\t\t\t\t\t\t\t\t\t<figcaption class=\"widget-image-caption wp-caption-text\">\u0423\u043d\u0438\u0447\u0442\u043e\u0436\u0438\u0442\u0435\u043b\u044c \u0441\u043e\u0440\u043d\u044f\u043a\u043e\u0432<\/figcaption>\n\t\t\t\t\t\t\t\t\t\t<\/figure>\n\t\t\t\t\t\t\t\t\t<\/div>\n\t\t\t\t<\/div>\n\t\t\t\t<\/div>\n\t\t<div class=\"elementor-element elementor-element-987b780 e-con-full e-flex e-con e-child\" data-id=\"987b780\" data-element_type=\"container\" data-e-type=\"container\">\n\t\t\t\t<div class=\"elementor-element elementor-element-5fcfa68 elementor-widget elementor-widget-image\" data-id=\"5fcfa68\" data-element_type=\"widget\" data-e-type=\"widget\" data-widget_type=\"image.default\">\n\t\t\t\t<div class=\"elementor-widget-container\">\n\t\t\t\t\t\t\t\t\t\t\t\t<figure class=\"wp-caption\">\n\t\t\t\t\t\t\t\t\t\t\t<a href=\"https:\/\/agrotex.az\/ru\/di-amin-500-sl\/\">\n\t\t\t\t\t\t\t<img loading=\"lazy\" decoding=\"async\" width=\"570\" height=\"570\" src=\"https:\/\/agrotex.az\/wp-content\/uploads\/2025\/05\/sayt-diamin-01.png\" class=\"attachment-large size-large wp-image-4050\" alt=\"Di-Amin 500 SL\" srcset=\"https:\/\/agrotex.az\/wp-content\/uploads\/2025\/05\/sayt-diamin-01.png 570w, https:\/\/agrotex.az\/wp-content\/uploads\/2025\/05\/sayt-diamin-01-300x300.png 300w, https:\/\/agrotex.az\/wp-content\/uploads\/2025\/05\/sayt-diamin-01-150x150.png 150w, https:\/\/agrotex.az\/wp-content\/uploads\/2025\/05\/sayt-diamin-01-12x12.png 12w, https:\/\/agrotex.az\/wp-content\/uploads\/2025\/05\/sayt-diamin-01-370x370.png 370w, https:\/\/agrotex.az\/wp-content\/uploads\/2025\/05\/sayt-diamin-01-60x60.png 60w, https:\/\/agrotex.az\/wp-content\/uploads\/2025\/05\/sayt-diamin-01-100x100.png 100w\" sizes=\"(max-width: 570px) 100vw, 570px\" \/>\t\t\t\t\t\t\t\t<\/a>\n\t\t\t\t\t\t\t\t\t\t\t<figcaption class=\"widget-image-caption wp-caption-text\">Di-Amin 500 SL<\/figcaption>\n\t\t\t\t\t\t\t\t\t\t<\/figure>\n\t\t\t\t\t\t\t\t\t<\/div>\n\t\t\t\t<\/div>\n\t\t\t\t<\/div>\n\t\t\t\t\t<\/div>\n\t\t\t\t<\/div>\n\t\t\t\t<\/div>","protected":false},"excerpt":{"rendered":"<p>Koropik 240 EC Qabla\u015fd\u0131rma: 20 ml Aktiv madd\u0259: 240 g\/L Clodinafop-propargyl, 60 g\/L Cloquintocent- mexyl \u0130stehsal\u00e7\u0131: T\u00fcrkiy\u0259\/Koruma Kateqoriya: Herbisid \u0130stifad\u0259 qaydas\u0131 Bu\u011fda bitkisind\u0259 z\u0259r\u0259rli otlara qar\u015f\u0131 istifad\u0259 olunur.T\u0259tbiq \u00fc\u00e7\u00fcn k\u00fcl\u0259ksiz hava se\u00e7in. T\u0259cr\u00fcb\u0259d\u0259 g\u00f6zl\u0259nil\u0259n \u00fcst\u00fcn u\u011furu t\u0259min etm\u0259k; Bir ventilyatordan istifad\u0259 ed\u0259r\u0259k, h\u0259r dekara 20-40 litr su s\u0259rf edilm\u0259sin\u0259 v\u0259<\/p>","protected":false},"author":1,"featured_media":0,"parent":0,"menu_order":0,"comment_status":"closed","ping_status":"closed","template":"","meta":{"inline_featured_image":false,"footnotes":""},"class_list":["post-4679","page","type-page","status-publish","hentry"],"_links":{"self":[{"href":"https:\/\/agrotex.az\/ru\/wp-json\/wp\/v2\/pages\/4679","targetHints":{"allow":["GET"]}}],"collection":[{"href":"https:\/\/agrotex.az\/ru\/wp-json\/wp\/v2\/pages"}],"about":[{"href":"https:\/\/agrotex.az\/ru\/wp-json\/wp\/v2\/types\/page"}],"author":[{"embeddable":true,"href":"https:\/\/agrotex.az\/ru\/wp-json\/wp\/v2\/users\/1"}],"replies":[{"embeddable":true,"href":"https:\/\/agrotex.az\/ru\/wp-json\/wp\/v2\/comments?post=4679"}],"version-history":[{"count":25,"href":"https:\/\/agrotex.az\/ru\/wp-json\/wp\/v2\/pages\/4679\/revisions"}],"predecessor-version":[{"id":5682,"href":"https:\/\/agrotex.az\/ru\/wp-json\/wp\/v2\/pages\/4679\/revisions\/5682"}],"wp:attachment":[{"href":"https:\/\/agrotex.az\/ru\/wp-json\/wp\/v2\/media?parent=4679"}],"curies":[{"name":"wp","href":"https:\/\/api.w.org\/{rel}","templated":true}]}}